{"id":371156,"date":"2018-10-02T09:32:27","date_gmt":"2018-10-02T09:32:27","guid":{"rendered":"https:\/\/www.visitbanskabystrica.sk\/umenie\/"},"modified":"2019-10-02T13:16:17","modified_gmt":"2019-10-02T13:16:17","slug":"umenie","status":"publish","type":"page","link":"https:\/\/www.visitbanskabystrica.sk\/de\/umenie\/","title":{"rendered":"Kunst und Kultur"},"content":{"rendered":"<p>Kunstformen: <div class=\"facetwp-facet facetwp-facet-art_type facetwp-type-checkboxes\" data-name=\"art_type\" data-type=\"checkboxes\"><\/div><\/p>\n<p>Tags: <div class=\"facetwp-facet facetwp-facet-art_tags facetwp-type-checkboxes\" data-name=\"art_tags\" data-type=\"checkboxes\"><\/div><\/p>\n<div class=\"facetwp-template\" data-name=\"art\">    <div id=\"portfolio_filter_wrapper\" class=\"gallery classic three_cols portfolio-content section content clearfix\"\n         data-columns=\"3\">\n                    <div class=\"element grid classic2_cols animated1 matchHeight\">\n    <div class=\"one_half gallery2 classic static filterable portfolio_type themeborder\">\n        <a class=\"tour_image\" href=\"https:\/\/www.visitbanskabystrica.sk\/de\/art\/uhrenturm\/\">\n\n\n            <img loading=\"lazy\" decoding=\"async\" width=\"400\" height=\"250\" src=\"https:\/\/www.visitbanskabystrica.sk\/wp-content\/uploads\/2018\/12\/hv-7-400x250.jpg\" class=\"attachment-catalogue size-catalogue wp-post-image\" alt=\"UHRENTURM\" \/>            \n\n            \n                    <\/a>\n        <div class=\"portfolio_info_wrapper\">\n            <a class=\"tour_link\" href=\"https:\/\/www.visitbanskabystrica.sk\/de\/art\/uhrenturm\/\"><h4>UHRENTURM<\/h4><\/a>\n            <div class=\"tour_excerpt\"><p>Der Uhrenturm ist das deutlichste und bekannteste Wahrzeichen des Hauptplatzes. In der Vergangenheit hatte der Turm mehrere Namen \u2013 Uhrenturm aus der Zeit seiner Errichtung, Turm an der Stadtwaage, da&hellip;<\/p>\n            <\/div>\n            <div class=\"tour_attribute_wrapper\">\n            <\/div>\n            <br class=\"clear\">\n        <\/div>\n    <\/div>\n<\/div>                    <div class=\"element grid classic2_cols animated1 matchHeight\">\n    <div class=\"one_half gallery2 classic static filterable portfolio_type themeborder\">\n        <a class=\"tour_image\" href=\"https:\/\/www.visitbanskabystrica.sk\/de\/art\/thurzo-fugger-erlebnisausstellung\/\">\n\n\n            <img loading=\"lazy\" decoding=\"async\" width=\"400\" height=\"250\" src=\"https:\/\/www.visitbanskabystrica.sk\/wp-content\/uploads\/2022\/03\/image00006_m-1-400x250.jpg\" class=\"attachment-catalogue size-catalogue wp-post-image\" alt=\"THURZO \u2013 FUGGER ERLEBNISAUSSTELLUNG\" \/>            \n\n            \n                    <\/a>\n        <div class=\"portfolio_info_wrapper\">\n            <a class=\"tour_link\" href=\"https:\/\/www.visitbanskabystrica.sk\/de\/art\/thurzo-fugger-erlebnisausstellung\/\"><h4>THURZO \u2013 FUGGER ERLEBNISAUSSTELLUNG<\/h4><\/a>\n            <div class=\"tour_excerpt\"><p>Die st\u00e4ndige THURZO \u2013 FUGGER Erlebnisausstellung in der Barbakane \u2013 auf dem Gel\u00e4nde der Stadtburg \u2013 bringt Ihnen die Bergbaugeschichte von Bansk\u00e1 Bystrica und der umliegenden D\u00f6rfer und St\u00e4dte n\u00e4her,&hellip;<\/p>\n            <\/div>\n            <div class=\"tour_attribute_wrapper\">\n            <\/div>\n            <br class=\"clear\">\n        <\/div>\n    <\/div>\n<\/div>                    <div class=\"element grid classic2_cols animated1 matchHeight\">\n    <div class=\"one_half gallery2 classic static filterable portfolio_type themeborder\">\n        <a class=\"tour_image\" href=\"https:\/\/www.visitbanskabystrica.sk\/de\/art\/kostol-svaeteho-kriza\/\">\n\n\n            <img loading=\"lazy\" decoding=\"async\" width=\"400\" height=\"250\" src=\"https:\/\/www.visitbanskabystrica.sk\/wp-content\/uploads\/2019\/08\/IMG_20210616_072517-400x250.jpg\" class=\"attachment-catalogue size-catalogue wp-post-image\" alt=\"Heilig-Kreuz-Kirche\" \/>            \n\n            \n                    <\/a>\n        <div class=\"portfolio_info_wrapper\">\n            <a class=\"tour_link\" href=\"https:\/\/www.visitbanskabystrica.sk\/de\/art\/kostol-svaeteho-kriza\/\"><h4>Heilig-Kreuz-Kirche<\/h4><\/a>\n            <div class=\"tour_excerpt\"><p>Die Heilig-Kreuz-Kirche befindet sich im Burgareal und wurde in die n\u00f6rdliche Festungsmauer eingebaut. Die Kirche steht zwischen den Bergmanns- und Schreiberbasteien. Baumeister der Kirche war Meister Hanu\u0161. Die Kirche und&hellip;<\/p>\n            <\/div>\n            <div class=\"tour_attribute_wrapper\">\n            <\/div>\n            <br class=\"clear\">\n        <\/div>\n    <\/div>\n<\/div>                    <div class=\"element grid classic2_cols animated1 matchHeight\">\n    <div class=\"one_half gallery2 classic static filterable portfolio_type themeborder\">\n        <a class=\"tour_image\" href=\"https:\/\/www.visitbanskabystrica.sk\/de\/art\/mittelslowakische-galerie-praetorium\/\">\n\n\n            <img loading=\"lazy\" decoding=\"async\" width=\"400\" height=\"250\" src=\"https:\/\/www.visitbanskabystrica.sk\/wp-content\/uploads\/2019\/08\/pretorium-400x250.jpg\" class=\"attachment-catalogue size-catalogue wp-post-image\" alt=\"MITTELSLOWAKISCHE GALERIE &#8211; PR\u00c4TORIUM\" \/>            \n\n            \n                    <\/a>\n        <div class=\"portfolio_info_wrapper\">\n            <a class=\"tour_link\" href=\"https:\/\/www.visitbanskabystrica.sk\/de\/art\/mittelslowakische-galerie-praetorium\/\"><h4>MITTELSLOWAKISCHE GALERIE &#8211; PR\u00c4TORIUM<\/h4><\/a>\n            <div class=\"tour_excerpt\"><p>Das Pr\u00e4torium ist orientiert auf Pr\u00e4sentation der kurzzeitigen Ausstellungen der aktuellen Formen der gegenw\u00e4rtigen in- und ausl\u00e4ndischen Kunst. Es profiliert sich vor allem als experimentaler Raum der Kuratoren- und Forschungsprojekte&hellip;<\/p>\n            <\/div>\n            <div class=\"tour_attribute_wrapper\">\n            <\/div>\n            <br class=\"clear\">\n        <\/div>\n    <\/div>\n<\/div>                    <div class=\"element grid classic2_cols animated1 matchHeight\">\n    <div class=\"one_half gallery2 classic static filterable portfolio_type themeborder\">\n        <a class=\"tour_image\" href=\"https:\/\/www.visitbanskabystrica.sk\/de\/art\/mittelslowakisches-museum-mathias-haus\/\">\n\n\n            <img loading=\"lazy\" decoding=\"async\" width=\"400\" height=\"250\" src=\"https:\/\/www.visitbanskabystrica.sk\/wp-content\/uploads\/2019\/08\/Matejov-dom-400x250.jpg\" class=\"attachment-catalogue size-catalogue wp-post-image\" alt=\"MITTELSLOWAKISCHES MUSEUM \u2013 MATHIAS-HAUS\" \/>            \n\n            \n                    <\/a>\n        <div class=\"portfolio_info_wrapper\">\n            <a class=\"tour_link\" href=\"https:\/\/www.visitbanskabystrica.sk\/de\/art\/mittelslowakisches-museum-mathias-haus\/\"><h4>MITTELSLOWAKISCHES MUSEUM \u2013 MATHIAS-HAUS<\/h4><\/a>\n            <div class=\"tour_excerpt\"><p>Das Mathias-Haus wurde im Inneren der Stadtburg im Jahre 1479 gebaut und in die Bergmannsbastei eingegliedert. Es ist hohes vierst\u00f6ckiges Geb\u00e4ude, gebaut dicht an der slowakischen Kirche. Die R\u00e4ume haben&hellip;<\/p>\n            <\/div>\n            <div class=\"tour_attribute_wrapper\">\n            <\/div>\n            <br class=\"clear\">\n        <\/div>\n    <\/div>\n<\/div>                    <div class=\"element grid classic2_cols animated1 matchHeight\">\n    <div class=\"one_half gallery2 classic static filterable portfolio_type themeborder\">\n        <a class=\"tour_image\" href=\"https:\/\/www.visitbanskabystrica.sk\/de\/art\/kostol-nanebovzatia-panny-marie\/\">\n\n\n            <img loading=\"lazy\" decoding=\"async\" width=\"400\" height=\"250\" src=\"https:\/\/www.visitbanskabystrica.sk\/wp-content\/uploads\/2019\/08\/3-2-400x250.jpg\" class=\"attachment-catalogue size-catalogue wp-post-image\" alt=\"DIE MARIA HIMMELFAHRT-KIRCHE\" \/>            \n\n            \n                    <\/a>\n        <div class=\"portfolio_info_wrapper\">\n            <a class=\"tour_link\" href=\"https:\/\/www.visitbanskabystrica.sk\/de\/art\/kostol-nanebovzatia-panny-marie\/\"><h4>DIE MARIA HIMMELFAHRT-KIRCHE<\/h4><\/a>\n            <div class=\"tour_excerpt\"><p>Die Maria Himmelfahrt-Kirche, die im 13. Jahrhundert auf dem Fundament einer romanischen Basilika erlaubt wurde, ist das \u00e4lteste Geb\u00e4ude nicht nur auf dem Burggl\u00e4nde, sondern auch in der gesamten Stadt.&hellip;<\/p>\n            <\/div>\n            <div class=\"tour_attribute_wrapper\">\n            <\/div>\n            <br class=\"clear\">\n        <\/div>\n    <\/div>\n<\/div>                    <div class=\"element grid classic2_cols animated1 matchHeight\">\n    <div class=\"one_half gallery2 classic static filterable portfolio_type themeborder\">\n        <a class=\"tour_image\" href=\"https:\/\/www.visitbanskabystrica.sk\/de\/art\/postmuseum\/\">\n\n\n            <img loading=\"lazy\" decoding=\"async\" width=\"400\" height=\"250\" src=\"https:\/\/www.visitbanskabystrica.sk\/wp-content\/uploads\/2019\/08\/Po\u0161tov\u00e9-m\u00fazeum-400x250.jpg\" class=\"attachment-catalogue size-catalogue wp-post-image\" alt=\"POSTMUSEUM\" \/>            \n\n            \n                    <\/a>\n        <div class=\"portfolio_info_wrapper\">\n            <a class=\"tour_link\" href=\"https:\/\/www.visitbanskabystrica.sk\/de\/art\/postmuseum\/\"><h4>POSTMUSEUM<\/h4><\/a>\n            <div class=\"tour_excerpt\"><p>Das Postmuseum ist die organisatorische Abteilung der Slovensk\u00e1 po\u0161ta, a. s. (Slowakische Post AG), mit Sitz in Bansk\u00e1 Bystrica. Seine Mission ist, im Einklang mit seiner Orientierung und Spezialisierung die&hellip;<\/p>\n            <\/div>\n            <div class=\"tour_attribute_wrapper\">\n            <\/div>\n            <br class=\"clear\">\n        <\/div>\n    <\/div>\n<\/div>                    <div class=\"element grid classic2_cols animated1 matchHeight\">\n    <div class=\"one_half gallery2 classic static filterable portfolio_type themeborder\">\n        <a class=\"tour_image\" href=\"https:\/\/www.visitbanskabystrica.sk\/de\/art\/mittelslowakisches-museum-thurzo-haus\/\">\n\n\n            <img loading=\"lazy\" decoding=\"async\" width=\"400\" height=\"250\" src=\"https:\/\/www.visitbanskabystrica.sk\/wp-content\/uploads\/2018\/10\/IMG_7872-2019-11-12-13_50_26-400x250.jpg\" class=\"attachment-catalogue size-catalogue wp-post-image\" alt=\"MITTELSLOWAKISCHES MUSEUM \u2013 THURZO-HAUS\" \/>            \n\n            \n                    <\/a>\n        <div class=\"portfolio_info_wrapper\">\n            <a class=\"tour_link\" href=\"https:\/\/www.visitbanskabystrica.sk\/de\/art\/mittelslowakisches-museum-thurzo-haus\/\"><h4>MITTELSLOWAKISCHES MUSEUM \u2013 THURZO-HAUS<\/h4><\/a>\n            <div class=\"tour_excerpt\"><p>Das Thurzo-Haus geh\u00f6rt zu den \u00e4ltesten erhaltenen weltlichen Bauwerken in Bansk\u00e1 Bystrica. Seine ersten Erw\u00e4hnungen finden wir in den Archivquellen bereits im Jahre 1495, als der Bergbauunternehmer Johann Thurzo aus&hellip;<\/p>\n            <\/div>\n            <div class=\"tour_attribute_wrapper\">\n            <\/div>\n            <br class=\"clear\">\n        <\/div>\n    <\/div>\n<\/div>                    <div class=\"element grid classic2_cols animated1 matchHeight\">\n    <div class=\"one_half gallery2 classic static filterable portfolio_type themeborder\">\n        <a class=\"tour_image\" href=\"https:\/\/www.visitbanskabystrica.sk\/de\/art\/museum-des-slowaksichen-nationalaufstandes\/\">\n\n\n            <img loading=\"lazy\" decoding=\"async\" width=\"400\" height=\"250\" src=\"https:\/\/www.visitbanskabystrica.sk\/wp-content\/uploads\/2019\/08\/Pamatnik_SNP-400x250.jpg\" class=\"attachment-catalogue size-catalogue wp-post-image\" alt=\"MUSEUM DES SLOWAKSICHEN NATIONALAUFSTANDES\" \/>            \n\n            \n                    <\/a>\n        <div class=\"portfolio_info_wrapper\">\n            <a class=\"tour_link\" href=\"https:\/\/www.visitbanskabystrica.sk\/de\/art\/museum-des-slowaksichen-nationalaufstandes\/\"><h4>MUSEUM DES SLOWAKSICHEN NATIONALAUFSTANDES<\/h4><\/a>\n            <div class=\"tour_excerpt\"><p>Der Einfluss des Slowakischen Nationalaufstandes auf die Nachkriegsentwicklung in der Slowakei und die Notwendigkeit, die Dokumentation \u00fcber die aktive Teilnahme der Slowaken im Kampf gegen Faschismus und \u00fcber das Leiden,&hellip;<\/p>\n            <\/div>\n            <div class=\"tour_attribute_wrapper\">\n            <\/div>\n            <br class=\"clear\">\n        <\/div>\n    <\/div>\n<\/div>                    <div class=\"element grid classic2_cols animated1 matchHeight\">\n    <div class=\"one_half gallery2 classic static filterable portfolio_type themeborder\">\n        <a class=\"tour_image\" href=\"https:\/\/www.visitbanskabystrica.sk\/de\/art\/mittelslowakisches-museum-tihanyi-kastell\/\">\n\n\n            <img loading=\"lazy\" decoding=\"async\" width=\"400\" height=\"250\" src=\"https:\/\/www.visitbanskabystrica.sk\/wp-content\/uploads\/2019\/08\/Tih\u00e1nyiovsk\u00fd-ka\u0161tie\u013e-400x250.jpg\" class=\"attachment-catalogue size-catalogue wp-post-image\" alt=\"MITTELSLOWAKISCHES MUSEUM \u2013 TIHANYI-KASTELL\" \/>            \n\n            \n                    <\/a>\n        <div class=\"portfolio_info_wrapper\">\n            <a class=\"tour_link\" href=\"https:\/\/www.visitbanskabystrica.sk\/de\/art\/mittelslowakisches-museum-tihanyi-kastell\/\"><h4>MITTELSLOWAKISCHES MUSEUM \u2013 TIHANYI-KASTELL<\/h4><\/a>\n            <div class=\"tour_excerpt\"><p>Das Tihanyi-Kastell im Ortsteil Radva\u0148, wo sich heute die naturwissenschaftliche Ausstellung des Mittelslowakischen Museums befindet, wurde mehreren Umbauten unterzogen. Urspr\u00fcnglich war es ein Renaissance-Parterregeb\u00e4ude aus der ersten H\u00e4lfte des 17.&hellip;<\/p>\n            <\/div>\n            <div class=\"tour_attribute_wrapper\">\n            <\/div>\n            <br class=\"clear\">\n        <\/div>\n    <\/div>\n<\/div>                    <div class=\"element grid classic2_cols animated1 matchHeight\">\n    <div class=\"one_half gallery2 classic static filterable portfolio_type themeborder\">\n        <a class=\"tour_image\" href=\"https:\/\/www.visitbanskabystrica.sk\/de\/art\/mittelslowakische-galerie-dominik-skutecky-villa\/\">\n\n\n            <img loading=\"lazy\" decoding=\"async\" width=\"400\" height=\"250\" src=\"https:\/\/www.visitbanskabystrica.sk\/wp-content\/uploads\/2018\/10\/IMG_7833-2019-11-12-13_51_50-400x250.jpg\" class=\"attachment-catalogue size-catalogue wp-post-image\" alt=\"MITTELSLOWAKISCHE GALERIE \u2013 DOMINIK SKUTECK\u00dd-VILLA\" \/>            \n\n            \n                    <\/a>\n        <div class=\"portfolio_info_wrapper\">\n            <a class=\"tour_link\" href=\"https:\/\/www.visitbanskabystrica.sk\/de\/art\/mittelslowakische-galerie-dominik-skutecky-villa\/\"><h4>MITTELSLOWAKISCHE GALERIE \u2013 DOMINIK SKUTECK\u00dd-VILLA<\/h4><\/a>\n            <div class=\"tour_excerpt\"><p>Die Dominik Skuteck\u00fd-Villa mit dem Garten ist eine einzigartige Familienvilla, die in Bansk\u00e1 Bystrica der Maler Dominik Skuteck\u00fd nach seinem k\u00fcnstlerischen Geschmack und Bewunderung der italienischen Kultur bauen lie\u00df. Den&hellip;<\/p>\n            <\/div>\n            <div class=\"tour_attribute_wrapper\">\n            <\/div>\n            <br class=\"clear\">\n        <\/div>\n    <\/div>\n<\/div>                    <div class=\"element grid classic2_cols animated1 matchHeight\">\n    <div class=\"one_half gallery2 classic static filterable portfolio_type themeborder\">\n        <a class=\"tour_image\" href=\"https:\/\/www.visitbanskabystrica.sk\/de\/art\/mittelslowakische-galerie-bethlen-haus\/\">\n\n\n            <img loading=\"lazy\" decoding=\"async\" width=\"400\" height=\"250\" src=\"https:\/\/www.visitbanskabystrica.sk\/wp-content\/uploads\/2018\/10\/image00010-400x250.jpeg\" class=\"attachment-catalogue size-catalogue wp-post-image\" alt=\"MITTELSLOWAKISCHE GALERIE \u2013 BETHLEN-HAUS\" \/>            \n\n            \n                    <\/a>\n        <div class=\"portfolio_info_wrapper\">\n            <a class=\"tour_link\" href=\"https:\/\/www.visitbanskabystrica.sk\/de\/art\/mittelslowakische-galerie-bethlen-haus\/\"><h4>MITTELSLOWAKISCHE GALERIE \u2013 BETHLEN-HAUS<\/h4><\/a>\n            <div class=\"tour_excerpt\"><p>Im Bethlen-Haus sind der Verwaltungssitz, die Ausstellungsr\u00e4ume und der Deposit\u00e4r der Werke     aus der Sammlung der Mittelslowakischen Galerie untergebracht. Es werden hier die kurzzeitigen Ausstellungen nicht nur aus der Galeriesammlung,&hellip;<\/p>\n            <\/div>\n            <div class=\"tour_attribute_wrapper\">\n            <\/div>\n            <br class=\"clear\">\n        <\/div>\n    <\/div>\n<\/div>            <\/div>\n<\/div>\n<div class=\"facetwp-pager\"><\/div>\n","protected":false},"excerpt":{"rendered":"<p>Kunstformen: Tags:<\/p>\n","protected":false},"author":1,"featured_media":371157,"parent":0,"menu_order":0,"comment_status":"closed","ping_status":"closed","template":"catalogue.php","meta":{"footnotes":""},"acf":[],"featured_media_image":{"width":1600,"height":1068,"file":"2018\/10\/pamatnik-snp-copy.jpg","sizes":{"thumbnail":{"file":"pamatnik-snp-copy-150x150.jpg","width":150,"height":150,"mime-type":"image\/jpeg","source_url":"https:\/\/www.visitbanskabystrica.sk\/wp-content\/uploads\/2018\/10\/pamatnik-snp-copy-150x150.jpg"},"medium":{"file":"pamatnik-snp-copy-300x200.jpg","width":300,"height":200,"mime-type":"image\/jpeg","source_url":"https:\/\/www.visitbanskabystrica.sk\/wp-content\/uploads\/2018\/10\/pamatnik-snp-copy-300x200.jpg"},"medium_large":{"file":"pamatnik-snp-copy-768x513.jpg","width":768,"height":513,"mime-type":"image\/jpeg","source_url":"https:\/\/www.visitbanskabystrica.sk\/wp-content\/uploads\/2018\/10\/pamatnik-snp-copy-768x513.jpg"},"large":{"file":"pamatnik-snp-copy-1024x684.jpg","width":1024,"height":684,"mime-type":"image\/jpeg","source_url":"https:\/\/www.visitbanskabystrica.sk\/wp-content\/uploads\/2018\/10\/pamatnik-snp-copy-1024x684.jpg"},"wpsimplegallery_admin_thumb":{"file":"pamatnik-snp-copy-109x109.jpg","width":109,"height":109,"mime-type":"image\/jpeg","source_url":"https:\/\/www.visitbanskabystrica.sk\/wp-content\/uploads\/2018\/10\/pamatnik-snp-copy-109x109.jpg"},"wpsimplegallery_thumb":{"file":"pamatnik-snp-copy-100x100.jpg","width":100,"height":100,"mime-type":"image\/jpeg","source_url":"https:\/\/www.visitbanskabystrica.sk\/wp-content\/uploads\/2018\/10\/pamatnik-snp-copy-100x100.jpg"},"catalogue":{"file":"pamatnik-snp-copy-400x250.jpg","width":400,"height":250,"mime-type":"image\/jpeg","source_url":"https:\/\/www.visitbanskabystrica.sk\/wp-content\/uploads\/2018\/10\/pamatnik-snp-copy-400x250.jpg"},"mid-rectangle":{"file":"pamatnik-snp-copy-600x400.jpg","width":600,"height":400,"mime-type":"image\/jpeg","source_url":"https:\/\/www.visitbanskabystrica.sk\/wp-content\/uploads\/2018\/10\/pamatnik-snp-copy-600x400.jpg"},"grandtour-gallery-grid":{"file":"pamatnik-snp-copy-700x466.jpg","width":700,"height":466,"mime-type":"image\/jpeg","source_url":"https:\/\/www.visitbanskabystrica.sk\/wp-content\/uploads\/2018\/10\/pamatnik-snp-copy-700x466.jpg"},"grandtour-gallery-list":{"file":"pamatnik-snp-copy-500x500.jpg","width":500,"height":500,"mime-type":"image\/jpeg","source_url":"https:\/\/www.visitbanskabystrica.sk\/wp-content\/uploads\/2018\/10\/pamatnik-snp-copy-500x500.jpg"},"grandtour-blog":{"file":"pamatnik-snp-copy-960x636.jpg","width":960,"height":636,"mime-type":"image\/jpeg","source_url":"https:\/\/www.visitbanskabystrica.sk\/wp-content\/uploads\/2018\/10\/pamatnik-snp-copy-960x636.jpg"}},"url":"https:\/\/www.visitbanskabystrica.sk\/wp-content\/uploads\/2018\/10\/pamatnik-snp-copy.jpg"},"post_mailing_queue_ids":[],"_links":{"self":[{"href":"https:\/\/www.visitbanskabystrica.sk\/de\/wp-json\/wp\/v2\/pages\/371156"}],"collection":[{"href":"https:\/\/www.visitbanskabystrica.sk\/de\/wp-json\/wp\/v2\/pages"}],"about":[{"href":"https:\/\/www.visitbanskabystrica.sk\/de\/wp-json\/wp\/v2\/types\/page"}],"author":[{"embeddable":true,"href":"https:\/\/www.visitbanskabystrica.sk\/de\/wp-json\/wp\/v2\/users\/1"}],"replies":[{"embeddable":true,"href":"https:\/\/www.visitbanskabystrica.sk\/de\/wp-json\/wp\/v2\/comments?post=371156"}],"version-history":[{"count":3,"href":"https:\/\/www.visitbanskabystrica.sk\/de\/wp-json\/wp\/v2\/pages\/371156\/revisions"}],"predecessor-version":[{"id":377264,"href":"https:\/\/www.visitbanskabystrica.sk\/de\/wp-json\/wp\/v2\/pages\/371156\/revisions\/377264"}],"wp:featuredmedia":[{"embeddable":true,"href":"https:\/\/www.visitbanskabystrica.sk\/de\/wp-json\/wp\/v2\/media\/371157"}],"wp:attachment":[{"href":"https:\/\/www.visitbanskabystrica.sk\/de\/wp-json\/wp\/v2\/media?parent=371156"}],"curies":[{"name":"wp","href":"https:\/\/api.w.org\/{rel}","templated":true}]}}