{"id":381616,"date":"2020-03-04T09:02:22","date_gmt":"2020-03-04T09:02:22","guid":{"rendered":"https:\/\/www.visitbanskabystrica.sk\/?page_id=381616"},"modified":"2020-10-29T20:00:10","modified_gmt":"2020-10-29T20:00:10","slug":"banska-bystrica-tor-zur-region","status":"publish","type":"page","link":"https:\/\/www.visitbanskabystrica.sk\/de\/banska-bystrica-tor-zur-region\/","title":{"rendered":"E-bike-Verleih"},"content":{"rendered":"<p>&nbsp;<\/p>\n<div class=\"one_half \" style=\"\">\n<h1><strong>INOVATIVES BESUCHERZENTRUM UND\u00a0<\/strong><strong>E-BIKE-VERLEIH <\/strong><strong><br \/>\n<\/strong><\/h1>\n<p>ist Bestandteil <strong>des TOURISTISCHEN INFOZENTRUMS und der\u00a0\u201eE-Bike-Region Mittelslowakei\u201c.<\/strong><br \/>\n<strong>Die Ausfl\u00fcge zu den Sehensw\u00fcrdigkeiten sind mit dem E-Bike leichter,\u00a0leihen Sie sich bei uns ein E-Bike und genie\u00dfen Sie die Fahrt, nutzen Sie die KOSTENFREIE Ladeger\u00e4te und die Selbstbedienung-Servicestellen f\u00fcr kleine Reparaturen Ihres Fahrrads<\/strong>.<\/p>\n<p><strong>BEDINGUNGEN F\u00dcR E-BIKE-VERLEIH<\/strong><\/p>\n<p><strong>Das E-Bike ist 24 Stunden <\/strong>vor dem geforderten Datum des Verleihs zu reservieren. F\u00fcr die Wochenendausfl\u00fcge ist die Bestellung sp\u00e4testens am Freitag bis 12:00 Uhr zuzusenden.<\/p>\n<p><strong>Das E-Bike <\/strong>kann telefonisch unter der Nummer: <strong>+421 48\u00a04330 626, +421 917 505\u00a0968 <\/strong>reserviert werden, per E-Mail: <a href=\"tic@banskabystrica.sk\"><strong>tic@banskabystrica.sk<\/strong><\/a>, oder <strong>pers\u00f6nlich <\/strong>im\u00a0Touristischen Infozentrum (mind. 1 Tag im Voraus).<\/p>\n<p><strong>Das E-Bike <\/strong>kann <strong>t\u00e4glich <\/strong>vom Montag bis Sonntag w\u00e4hrend der ganzen Sommersaison <strong>geliehen <\/strong>werden und zwar f\u00fcr max. 8 Stunden (von 8:00 bis 18:30 Uhr).<\/p>\n<p><strong>Der Preis <\/strong>f\u00fcr E-Bike-Verleih ist <strong>40 \u20ac\/1 Tag (max. 8 Std.)<\/strong>.<\/p>\n<p>Di Bedingung f\u00fcr E-Bike-Verleih ist Leistung einer <strong>Barkaution in der H\u00f6he von 100 \u20ac<\/strong>.<\/p>\n<p>Das E-Bike kann nur an einen <strong>Erwachsene oder eine mehr als 15 Jahre alte Person, <\/strong>begleitet von einem Erwachsenen, geliehen werden. Die Mindesth\u00f6he des Radfahrers ist 155 cm und das Maximalgewicht 115 kg (einschlie\u00dflich Gep\u00e4ck).<\/p>\n<p>Zum Verleih sind <strong>zwei Identit\u00e4tsnachweise <\/strong>vorzulegen (Personalausweis oder F\u00fchrerschein, Reisepass, Studentenausweis oder einen anderen Identit\u00e4tsnachweis mit Fotografie).<\/p>\n<\/div>\n<div class=\"one_half last \" style=\"\">\n<p><strong>UNSERE E-BIKES<\/strong><\/p>\n<p>Zur Verf\u00fcgung stehen <strong>5 Mountainbikes <\/strong>von der deutschen Firma GHOST.\u00a0<strong>Zum besseren Komfort Ihres Ausfluges tr\u00e4gt <\/strong>der 250 W-Motor von der Firma BOSCH mit 500 W-Batterie bei. Das gem\u00fctliche und leichte Rollen erm\u00f6glichen die <strong>29\u201c-R\u00e4der mit gefederter Gabel<\/strong>.<\/p>\n<p>Die von den E-Bikes <strong>m\u00f6gliche H\u00f6chstgeschwindigkeit<\/strong> mit dem Motor betr\u00e4gt <strong>25 km\/h.\u00a0<\/strong>Nachdem eine h\u00f6here Geschwindigkeit erreicht ist, schaltet sich der Motor automatisch aus. <strong>Die Reichweite betr\u00e4gt zwischen 20 bis 200 km\u00a0<\/strong>(durchschnittlich 50 bis 100 km), in Abh\u00e4ngigkeit vom Gel\u00e4nde, Radfahrergewicht und Motorbeanspruchung.<\/p>\n<p><strong>E-Bike-Gr\u00f6\u00dfe:<br \/>\nS <\/strong>&#8211; 1 Stck (Bikergr\u00f6\u00dfe\u00a0155 cm \u2013 170 cm)<br \/>\n<strong>M <\/strong>&#8211; 2 Stck (Bikergr\u00f6\u00dfe\u00a0 165 cm \u2013 180 cm)<br \/>\n<strong>L<\/strong> &#8211; 1 Stck (Bikergr\u00f6\u00dfe\u00a0 175 cm \u2013 190 cm)<br \/>\n<strong>XL <\/strong>&#8211; 1 Stck (Bikergr\u00f6\u00dfe\u00a0 185 cm \u2013 200 cm)<\/p>\n<hr \/>\n<p>Liebe Besucher und Freunde, <strong>wir haben die Fahrradsommersaison geschlossen<\/strong>. Vielen Dank f\u00fcr Ihr Interesse und Ihr positives Feedback in diesem Jahr. Wir hoffen, dass Sie mit unserem Service so zufrieden waren, dass Sie auch im n\u00e4chsten Jahr unseren E-Bike Verleih nutzen werden. <strong>Im Fr\u00fchling 2021 sind wir wieder f\u00fcr Sie da.<\/strong><\/p>\n<hr \/>\n<p><strong>\u00d6FFNUNGSZITEN:<br \/>\nSaison: JUNI \u2013 OKTOBER 2020<br \/>\n<\/strong><strong>MONTAG<\/strong>\u00a0<strong>\u2013<\/strong> <strong>FREITAG: <\/strong>8:00 \u2013 17:00 h<br \/>\n<strong>SAMSTAG \u2013<\/strong>\u00a0<strong>SONNTAG: <\/strong>8:00 \u2013 16:00 h<strong><br \/>\n<\/strong><\/p>\n<p><strong>Saison: NOVEMBER 2020 \u2013 MAI 2021<br \/>\n<\/strong><strong>MONTAG<\/strong>\u00a0<strong>\u2013<\/strong> <strong>FREITAG: <span style=\"display: inline !important; float: none; background-color: #ffffff; color: #333333; cursor: text; font-family: Georgia,'Times New Roman','Bitstream Charter',Times,serif; font-size: 16px; font-style: normal; font-variant: normal; font-weight: 400; letter-spacing: normal; orphans: 2; text-align: left; text-decoration: none; text-indent: 0px; text-transform: none; -webkit-text-stroke-width: 0px; white-space: normal; word-spacing: 0px;\">GESCHLOSSEN<br \/>\n<\/span><\/strong><strong>SAMSTAG \u2013<\/strong>\u00a0<strong>SONNTAG:<\/strong>GESCHLOSSEN<\/p>\n<p><strong>KONTAKT:<br \/>\n<\/strong>Touristisches Informationszentrum Bansk\u00e1 Bystrica<br \/>\nUl. 29. augusta 37 (Busbahnhof)<br \/>\n974 01\u00a0 Bansk\u00e1 Bystrica<br \/>\ne-mail: <a href=\"mailto:tic@banskabystrica.sk\">tic@banskabystrica.sk<\/a><br \/>\nTel.: +421 48\u00a0433 06 26<br \/>\nMob.: +421 917 505 968<\/p>\n<p><strong>Dokumente zum Downloaden: <\/strong><\/p>\n<h3><strong>Bestellformular<\/strong><br \/>\n<strong>Allgemeine Gesch\u00e4ftsbedingungen<\/strong><br \/>\n<strong>Reklamationsordnung<\/strong><\/h3>\n<p>Das Projekt wurde realisiert mit finanziller Unterst\u00fctzung des Amtes der Regierung der Slowakischen Republik, Programm Unterst\u00fctzung der Regionalentwicklung.<img loading=\"lazy\" decoding=\"async\" class=\"alignleft size-medium wp-image-373400\" src=\"https:\/\/www.visitbanskabystrica.sk\/wp-content\/uploads\/2019\/06\/logo-urad-vlady-2-300x104.jpg\" alt=\"\" width=\"300\" height=\"104\" \/><\/div>\n<p><br class=\"clear\"\/><\/p>\n","protected":false},"excerpt":{"rendered":"","protected":false},"author":4,"featured_media":383339,"parent":0,"menu_order":0,"comment_status":"closed","ping_status":"closed","template":"","meta":{"footnotes":""},"acf":[],"featured_media_image":{"width":886,"height":664,"file":"2021\/02\/Bicykle.jpg","sizes":{"thumbnail":{"file":"Bicykle-150x150.jpg","width":150,"height":150,"mime-type":"image\/jpeg","source_url":"https:\/\/www.visitbanskabystrica.sk\/wp-content\/uploads\/2021\/02\/Bicykle-150x150.jpg"},"medium":{"file":"Bicykle-300x225.jpg","width":300,"height":225,"mime-type":"image\/jpeg","source_url":"https:\/\/www.visitbanskabystrica.sk\/wp-content\/uploads\/2021\/02\/Bicykle-300x225.jpg"},"medium_large":{"file":"Bicykle-768x576.jpg","width":768,"height":576,"mime-type":"image\/jpeg","source_url":"https:\/\/www.visitbanskabystrica.sk\/wp-content\/uploads\/2021\/02\/Bicykle-768x576.jpg"},"wpsimplegallery_admin_thumb":{"file":"Bicykle-109x109.jpg","width":109,"height":109,"mime-type":"image\/jpeg","source_url":"https:\/\/www.visitbanskabystrica.sk\/wp-content\/uploads\/2021\/02\/Bicykle-109x109.jpg"},"wpsimplegallery_thumb":{"file":"Bicykle-100x100.jpg","width":100,"height":100,"mime-type":"image\/jpeg","source_url":"https:\/\/www.visitbanskabystrica.sk\/wp-content\/uploads\/2021\/02\/Bicykle-100x100.jpg"},"catalogue":{"file":"Bicykle-400x250.jpg","width":400,"height":250,"mime-type":"image\/jpeg","source_url":"https:\/\/www.visitbanskabystrica.sk\/wp-content\/uploads\/2021\/02\/Bicykle-400x250.jpg"},"mid-rectangle":{"file":"Bicykle-600x400.jpg","width":600,"height":400,"mime-type":"image\/jpeg","source_url":"https:\/\/www.visitbanskabystrica.sk\/wp-content\/uploads\/2021\/02\/Bicykle-600x400.jpg"},"grandtour-gallery-grid":{"file":"Bicykle-700x466.jpg","width":700,"height":466,"mime-type":"image\/jpeg","source_url":"https:\/\/www.visitbanskabystrica.sk\/wp-content\/uploads\/2021\/02\/Bicykle-700x466.jpg"},"grandtour-gallery-list":{"file":"Bicykle-500x500.jpg","width":500,"height":500,"mime-type":"image\/jpeg","source_url":"https:\/\/www.visitbanskabystrica.sk\/wp-content\/uploads\/2021\/02\/Bicykle-500x500.jpg"},"grandtour-blog":{"file":"Bicykle-886x636.jpg","width":886,"height":636,"mime-type":"image\/jpeg","source_url":"https:\/\/www.visitbanskabystrica.sk\/wp-content\/uploads\/2021\/02\/Bicykle-886x636.jpg"}},"url":"https:\/\/www.visitbanskabystrica.sk\/wp-content\/uploads\/2021\/02\/Bicykle.jpg"},"post_mailing_queue_ids":[],"_links":{"self":[{"href":"https:\/\/www.visitbanskabystrica.sk\/de\/wp-json\/wp\/v2\/pages\/381616"}],"collection":[{"href":"https:\/\/www.visitbanskabystrica.sk\/de\/wp-json\/wp\/v2\/pages"}],"about":[{"href":"https:\/\/www.visitbanskabystrica.sk\/de\/wp-json\/wp\/v2\/types\/page"}],"author":[{"embeddable":true,"href":"https:\/\/www.visitbanskabystrica.sk\/de\/wp-json\/wp\/v2\/users\/4"}],"replies":[{"embeddable":true,"href":"https:\/\/www.visitbanskabystrica.sk\/de\/wp-json\/wp\/v2\/comments?post=381616"}],"version-history":[{"count":11,"href":"https:\/\/www.visitbanskabystrica.sk\/de\/wp-json\/wp\/v2\/pages\/381616\/revisions"}],"predecessor-version":[{"id":382842,"href":"https:\/\/www.visitbanskabystrica.sk\/de\/wp-json\/wp\/v2\/pages\/381616\/revisions\/382842"}],"wp:featuredmedia":[{"embeddable":true,"href":"https:\/\/www.visitbanskabystrica.sk\/de\/wp-json\/wp\/v2\/media\/383339"}],"wp:attachment":[{"href":"https:\/\/www.visitbanskabystrica.sk\/de\/wp-json\/wp\/v2\/media?parent=381616"}],"curies":[{"name":"wp","href":"https:\/\/api.w.org\/{rel}","templated":true}]}}