{"id":371083,"date":"2019-05-01T09:55:24","date_gmt":"2019-05-01T09:55:24","guid":{"rendered":"https:\/\/www.visitbanskabystrica.sk\/stopy-v-historii-bb\/"},"modified":"2019-05-01T17:09:10","modified_gmt":"2019-05-01T17:09:10","slug":"stopy-v-historii-bb","status":"publish","type":"page","link":"https:\/\/www.visitbanskabystrica.sk\/en\/stopy-v-historii-bb\/","title":{"rendered":"Traces throught history"},"content":{"rendered":"<div  class=\"one withsmallpadding ppb_header parallax withbg \" style=\"background-image:url(https:\/\/www.visitbanskabystrica.sk\/wp-content\/uploads\/2019\/05\/banskabystrica-ultrawide.jpg);background-position: center top;text-align:center;padding:265px 0 265px 0;color:#ffffff;\" >\n<div class=\"overlay_background\" style=\"background:#000000;background:rgb(0,0,0,0.3);background:rgba(0,0,0,0.3);\"><\/div>\n<div class=\"standard_wrapper\">\n<div class=\"page_content_wrapper\">\n<div class=\"inner\">\n<div style=\"margin:auto;width:100%\">\n<h2 class=\"ppb_title\" style=\"color:#ffffff;\">Traces throught history<\/h2>\n<div class=\"page_tagline\" style=\"color:#ffffff;\">Historical treasures in Banska Bystrica<\/div>\n<\/div>\n<\/div>\n<\/div>\n<\/div>\n<\/div>\n<div  class=\"one\" >\n<div class=\"one_half_bg parallax\" style=\"background-image:url(https:\/\/www.visitbanskabystrica.sk\/wp-content\/uploads\/2019\/05\/VISIT-BB_0005.jpg);height:515px;\"><\/div>\n<div class=\"one_half_bg\" style=\"padding:50px;\">\n<h2 class=\"ppb_title\" style=\"\">History<\/h2>\n<div class=\"ppb_header_content\">\n<p style=\"text-align: justify;\">The current site of Bansk\u00e1 Bystrica on the banks of the Hron River has been settled continuously since ancient times. The inhabitants of the former Slavic settlement of Bystrica were also active in surface mining of ore. Thanks to this important natural resource, the importance of the settlement grew, ultimately resulting in royal recognition in 1255 by Hungarian King Bela IV and the award of a city charter and related privileges.<\/p>\n<p style=\"text-align: justify;\">The golden period of Bansk\u00e1 Bystrica\u2018s history spanned the 15th and 16th centuries, when the successful Thurzo-Fugger copper company was active. An important chapter in the modern history of the city is the Slovak National Uprising (SNP), which took place in 1944 with Bansk\u00e1 Bystrica at the centre of the anti-fascist uprising.<\/p>\n<\/div>\n<\/div>\n<p><br class=\"clear\"\/><\/div>\n<div  class=\"one\" >\n<div class=\"one_half_bg textright\" style=\"padding:50px;\">\n<h2 class=\"ppb_title\" style=\"\">LANDMARKS ON SNP SQUARE<\/h2>\n<div class=\"ppb_header_content\">\n<p style=\"text-align: justify;\"><strong>The clock tower<\/strong> from the 16th century stands imposingly over the upper section of the square. The lookout point at a height of 20 m provides a panorama of the hills and ridgeline of the surrounding mountains and excellent views of the square and nearby streets. The tower itself has been dubbed a leaning tower thanks to its tilt of 68 cm from vertical has a total of 101 stairs to reach the top.<\/p>\n<p style=\"text-align: justify;\"><strong>The Marian Column<\/strong>, itself standing on a polygonal base and dating to 1719, was constructed to mark the end of the plague. The statue of the Virgin Mary at the top is 245 cm tall. The author responsible for these works is unknown.<\/p>\n<p style=\"text-align: justify;\"><strong>The black obelisk<\/strong> dates to 1945 and was built in honour the memory of those Russian and Romanian soldiers who perished during the liberation of Bansk\u00e1 Bystrica during World War II.<\/p>\n<p style=\"text-align: justify;\"><strong>The unique stone fountain<\/strong> provides refreshment and a musical experience on a daily basis during the summer months.<\/p>\n<\/div>\n<\/div>\n<div class=\"one_half_bg parallax\" style=\"background-image:url(https:\/\/www.visitbanskabystrica.sk\/wp-content\/uploads\/2019\/05\/fontana-bb.jpg);height:565px;\"><\/div>\n<p><br class=\"clear\"\/><\/div>\n<div  class=\"one\" >\n<div class=\"one_half_bg parallax\" style=\"background-image:url(https:\/\/www.visitbanskabystrica.sk\/wp-content\/uploads\/2019\/05\/barbakan-matejovdom-kosotol-bb.jpg);height:540px;\"><\/div>\n<div class=\"one_half_bg\" style=\"padding:20px;\">\n<h2 class=\"ppb_title\" style=\"\">TREASURES OF THE MIDDLE AGES IN THE CASTLE AREA<\/h2>\n<div class=\"ppb_header_content\">\n<p style=\"text-align: justify;\"><strong>Barbican<\/strong> \u2013 this former entrance into the castle area spanned a man-made moat and was constructed in 1512; the barbican also surrounds the city tower. Currently the space houses a stylish cafe and restaurant.<\/p>\n<p style=\"text-align: justify;\"><strong>The Church of the Assumption of the Virgin Mary<\/strong>, built in the 13th century, is the oldest structure in the city. It is home to some of the best works of Gothic art including the altar in the Chapel of St. Barbara produced by workshop of Master Paul from Levo\u010da and statues of Jesus on the Mount of Olives on the Church\u2019s southern facade.<\/p>\n<p style=\"text-align: justify;\"><strong>Matej\u2019s House<\/strong> from the second half of the 15th century is interesting its integration into the neighbouring Miner\u2019s Bastion as well as for the herald of King Matthias Corvinus on the building\u2019s facade. Currently the house is home to the Central Slovak Museum. www.stredoslovenskemuzeum.sk<\/p>\n<p style=\"text-align: justify;\"><strong>The Praetoria building<\/strong> was constructed around the year 1500 and was once home to town administration bodies. Currently it is one of the exhibition sites for the Central Slovak Gallery. www.ssgbb.sk<\/p>\n<\/div>\n<\/div>\n<p><br class=\"clear\"\/><\/div>\n<div  class=\"one\" >\n<div class=\"one_half_bg textright\" style=\"padding:25px;\">\n<h2 class=\"ppb_title\" style=\"\">ON BANSK\u00c1 BYSTRICA\u2019S HISTORIC SQUARE<\/h2>\n<div class=\"ppb_header_content\">\n<p style=\"text-align: justify;\"><strong>The Church of St. Francis Xavier<\/strong> dates to the beginning of the 18th century; the more than 200 year-old cathedral is the seat of the Diocese of Bansk\u00e1 Bystrica. The layout of the cathedral is based on the design of the Jesuit Church of the Gesu in Rome. A complete renovation of the cathedral was completed in 2001.<\/p>\n<p style=\"text-align: justify;\"><strong>The town hall building<\/strong> was created in the 15th century by combining two Gothic-style buildings and nearly quarter of a millennium it served as the central office for town officials. Many valuable elements have been preserved including the Neo-Baroque chandelier, the original doors stamped with the year 1698 and many more precious frescos and vaults. Currently the building is also home to for Bansk\u00e1 Bystrica\u2019s official Information Centre. www.icbb.sk<\/p>\n<p style=\"text-align: justify;\"><strong>Thurzo\u2019s House<\/strong>, at one time the headquarters of the Thurzo- Fugger company, is known for its Renaissance sgrafitto facade and the \u201cGreen Room\u201d, with its rare and exquisite frescos. Currently it is one of the exhibition sites for the Central Slovak Museum.<br \/>\nwww.stredoslovenskemuzeum.sk<\/p>\n<\/div>\n<\/div>\n<div class=\"one_half_bg parallax\" style=\"background-image:url(https:\/\/www.visitbanskabystrica.sk\/wp-content\/uploads\/2019\/05\/katedrala-radnica-bb.jpg);height:565px;\"><\/div>\n<p><br class=\"clear\"\/><\/div>\n<div  class=\"one\" >\n<div class=\"one_half_bg parallax\" style=\"background-image:url(https:\/\/www.visitbanskabystrica.sk\/wp-content\/uploads\/2019\/05\/benickeho.jpg);height:575px;\"><\/div>\n<div class=\"one_half_bg\" style=\"padding:30px;\">\n<div class=\"ppb_header_content\">\n<p><strong>Kammerhof<\/strong> \u2013 the former headquarters of the Miner\u2019s Guild, this building allegedly was the residence of King Matthias Corvinus during his stays in Bansk\u00e1 Bystrica in the 15th century and for the sons of Maria Theresa during a visit in 1764. In 1913 the building was demolished to make way for the current building, used by the head office of the Slovak National Forest Enterprise.<\/p>\n<p><strong>Benicky\u2019s House<\/strong> is noted for its open arcade covered balcony with six arches on stone columns wrapped by grape vines and was originally built by Tom\u00e1\u0161 Benick\u00fd. A later owner of the house \u2013 Ladislav Szentiv\u00e1nyi \u2013 had his herald added above the entrance portal, around which miners in period attire are portrayed.<\/p>\n<p><strong>Bishop\u2019s Palace<\/strong> \u2013 this representative Baroque-Classicist residence for the bishop and the central courtyard was renovated after a large fire in 1783 by Franz Berchtold, the first bishop for the Diocese of Bansk\u00e1 Bystrica.<\/p>\n<p><strong>Ebner\u2019s House<\/strong> from the beginning of the 17th century is characteristic for its bay windows completed by sculptor J\u00e1n Weinhardt from Spi\u0161sk\u00e9 Vlachy. The figures sculpted in relief as ornamentation for the window sills portray ancient and antique motifs.<\/p>\n<\/div>\n<\/div>\n<p><br class=\"clear\"\/><\/div>\n<div  class=\"one\" >\n<div class=\"one_half_bg textright\" style=\"padding:20px;\">\n<h2 class=\"ppb_title\" style=\"\">TUCKED AWAY IN THE NEARBY ALLEYS<\/h2>\n<div class=\"ppb_header_content\">\n<p><strong>The Dominik Skutecky\u00b4s House<\/strong> is a villa constructed in a neo-Renaissance style at the turn of the 19th century and serves as exhibition space for the works of Dominik Skuteck\u00fd, one of the major realist painters in Central Europe at the turn of the 19th and 20th centuries. www.ssgbb.sk<\/p>\n<p><strong>SNP Memorial<\/strong> \u2013 this imposing architectural work with a most unusual appearance was completed in 1969 to house the Museum of the Slovak National Uprising. The outdoor exhibition of heavy military equipment and military aircraft from World War II in the park in front of the museum is also not to be missed. www.muzeumsnp.sk<\/p>\n<p><strong>County house<\/strong> \u2013 this imposing building was created from two originally Renaissance-style buildings and a Baroque addition in the second half of the 18th century. The building in the past served as the administrative offices for Zvolen County and is currently home to the State Science Library and the Literary and Musical Museum. www.svkbb.eu<\/p>\n<p><strong>The Church of St. Elisabeth<\/strong> was constructed in 1303 as a part of the city hospital for ill and invalid miners. Several additions were made and the church was expanded in 1877 in a Neo-Gothic style. The altar image portraying St. Elisabeth was completed by Jozef Murga\u0161 (1864-1929), a Roman Catholic priest, inventor and pioneer of radio-telegraphy.<\/p>\n<p><strong>Bethlen\u2019s house<\/strong> is known for the meeting of the Hungarian Council in 1620 held in the house that named Transylvania Prince Gabriel Bethlen as the King of Hungary. Today the building is home of the Central Slovakia Gallery and hosts a wide range of exhibitions, primarily focused on modern and contemporary art. www.ssgbb.sk<\/p>\n<\/div>\n<\/div>\n<div class=\"one_half_bg parallax\" style=\"background-image:url(https:\/\/www.visitbanskabystrica.sk\/wp-content\/uploads\/2019\/05\/pamatniksnp.jpg);height:675px;\"><\/div>\n<p><br class=\"clear\"\/><\/div>\n","protected":false},"excerpt":{"rendered":"<p>Traces throught historyHistorical treasures in Banska Bystrica History The current site of Bansk\u00e1 Bystrica on the banks of the Hron River has been settled continuously since ancient times. The inhabitants&hellip;<\/p>\n","protected":false},"author":2,"featured_media":371040,"parent":0,"menu_order":0,"comment_status":"closed","ping_status":"closed","template":"","meta":{"footnotes":""},"acf":[],"featured_media_image":{"width":1920,"height":858,"file":"2019\/05\/banskabystrica-ultrawide.jpg","sizes":{"thumbnail":{"file":"banskabystrica-ultrawide-150x150.jpg","width":150,"height":150,"mime-type":"image\/jpeg","source_url":"https:\/\/www.visitbanskabystrica.sk\/wp-content\/uploads\/2019\/05\/banskabystrica-ultrawide-150x150.jpg"},"medium":{"file":"banskabystrica-ultrawide-300x134.jpg","width":300,"height":134,"mime-type":"image\/jpeg","source_url":"https:\/\/www.visitbanskabystrica.sk\/wp-content\/uploads\/2019\/05\/banskabystrica-ultrawide-300x134.jpg"},"medium_large":{"file":"banskabystrica-ultrawide-768x343.jpg","width":768,"height":343,"mime-type":"image\/jpeg","source_url":"https:\/\/www.visitbanskabystrica.sk\/wp-content\/uploads\/2019\/05\/banskabystrica-ultrawide-768x343.jpg"},"large":{"file":"banskabystrica-ultrawide-1024x458.jpg","width":1024,"height":458,"mime-type":"image\/jpeg","source_url":"https:\/\/www.visitbanskabystrica.sk\/wp-content\/uploads\/2019\/05\/banskabystrica-ultrawide-1024x458.jpg"},"wpsimplegallery_admin_thumb":{"file":"banskabystrica-ultrawide-109x109.jpg","width":109,"height":109,"mime-type":"image\/jpeg","source_url":"https:\/\/www.visitbanskabystrica.sk\/wp-content\/uploads\/2019\/05\/banskabystrica-ultrawide-109x109.jpg"},"wpsimplegallery_thumb":{"file":"banskabystrica-ultrawide-100x100.jpg","width":100,"height":100,"mime-type":"image\/jpeg","source_url":"https:\/\/www.visitbanskabystrica.sk\/wp-content\/uploads\/2019\/05\/banskabystrica-ultrawide-100x100.jpg"},"catalogue":{"file":"banskabystrica-ultrawide-400x250.jpg","width":400,"height":250,"mime-type":"image\/jpeg","source_url":"https:\/\/www.visitbanskabystrica.sk\/wp-content\/uploads\/2019\/05\/banskabystrica-ultrawide-400x250.jpg"},"mid-rectangle":{"file":"banskabystrica-ultrawide-600x400.jpg","width":600,"height":400,"mime-type":"image\/jpeg","source_url":"https:\/\/www.visitbanskabystrica.sk\/wp-content\/uploads\/2019\/05\/banskabystrica-ultrawide-600x400.jpg"},"grandtour-gallery-grid":{"file":"banskabystrica-ultrawide-700x466.jpg","width":700,"height":466,"mime-type":"image\/jpeg","source_url":"https:\/\/www.visitbanskabystrica.sk\/wp-content\/uploads\/2019\/05\/banskabystrica-ultrawide-700x466.jpg"},"grandtour-gallery-list":{"file":"banskabystrica-ultrawide-500x500.jpg","width":500,"height":500,"mime-type":"image\/jpeg","source_url":"https:\/\/www.visitbanskabystrica.sk\/wp-content\/uploads\/2019\/05\/banskabystrica-ultrawide-500x500.jpg"},"grandtour-blog":{"file":"banskabystrica-ultrawide-960x636.jpg","width":960,"height":636,"mime-type":"image\/jpeg","source_url":"https:\/\/www.visitbanskabystrica.sk\/wp-content\/uploads\/2019\/05\/banskabystrica-ultrawide-960x636.jpg"}},"url":"https:\/\/www.visitbanskabystrica.sk\/wp-content\/uploads\/2019\/05\/banskabystrica-ultrawide.jpg"},"post_mailing_queue_ids":[],"_links":{"self":[{"href":"https:\/\/www.visitbanskabystrica.sk\/en\/wp-json\/wp\/v2\/pages\/371083"}],"collection":[{"href":"https:\/\/www.visitbanskabystrica.sk\/en\/wp-json\/wp\/v2\/pages"}],"about":[{"href":"https:\/\/www.visitbanskabystrica.sk\/en\/wp-json\/wp\/v2\/types\/page"}],"author":[{"embeddable":true,"href":"https:\/\/www.visitbanskabystrica.sk\/en\/wp-json\/wp\/v2\/users\/2"}],"replies":[{"embeddable":true,"href":"https:\/\/www.visitbanskabystrica.sk\/en\/wp-json\/wp\/v2\/comments?post=371083"}],"version-history":[{"count":3,"href":"https:\/\/www.visitbanskabystrica.sk\/en\/wp-json\/wp\/v2\/pages\/371083\/revisions"}],"predecessor-version":[{"id":371093,"href":"https:\/\/www.visitbanskabystrica.sk\/en\/wp-json\/wp\/v2\/pages\/371083\/revisions\/371093"}],"wp:featuredmedia":[{"embeddable":true,"href":"https:\/\/www.visitbanskabystrica.sk\/en\/wp-json\/wp\/v2\/media\/371040"}],"wp:attachment":[{"href":"https:\/\/www.visitbanskabystrica.sk\/en\/wp-json\/wp\/v2\/media?parent=371083"}],"curies":[{"name":"wp","href":"https:\/\/api.w.org\/{rel}","templated":true}]}}